{"id":246,"date":"2017-07-24T17:57:00","date_gmt":"2017-07-24T15:57:00","guid":{"rendered":"http:\/\/www.amicidiriccardo.it\/?page_id=246"},"modified":"2017-07-25T12:32:53","modified_gmt":"2017-07-25T10:32:53","slug":"profilo-di-riccardo","status":"publish","type":"page","link":"https:\/\/amicidiriccardo.it\/?page_id=246","title":{"rendered":"Profilo di Riccardo"},"content":{"rendered":"<p><img loading=\"lazy\" decoding=\"async\" class=\"alignnone size-full wp-image-248 aligncenter\" src=\"https:\/\/amicidiriccardo.it\/wp-content\/uploads\/2017\/07\/riccardomaldive.jpg\" alt=\"\" width=\"174\" height=\"259\" \/><\/p>\n<p style=\"text-align: left;\">Riccardo Domenici nasce a Livorno il 28 agosto del 1972, dove abita fino all\u2019et\u00e0 di due anni circa.<br \/>\nDopo un soggiorno di quasi cinque anni nella citt\u00e0 di Roma, si trasferisce con la famiglia a Perugia, sua citt\u00e0 di \u201cadozione\u201d,dove inizia la scuola elementare che frequenter\u00e0 con profitto fino ad inscriversi all\u2019Universit\u00e0 di Perugia, indirizzo Ingegneria Elettronica.<\/p>\n<p style=\"text-align: left;\">Ragazzo brillante, esuberante, simpatico, e dai molteplici interessi, \u00e8 amato e stimato da tutti, soprattutto per le doti di generosit\u00e0 ed altruismo che, sin da bambino, lo caratterizzano.<br \/>\nAmante della musica, impara a suonare la chitarra, dapprima acustica, poi elettrica, con la quale, con vera maestria, si diletta in compagnia di amici, anche in pubs della citt\u00e0.<\/p>\n<p style=\"text-align: left;\">Frequenta, a partire dalla categoria \u201cPulcini\u201d fino a quella di \u201cGiovanissimi\u201d, l\u2019Associazione di Calcio Si.La S.Sisto (Pg) partecipando ai tornei indetti soprattutto nel ruolo di \u201cLibero\u201d.<br \/>\n\u201cLibero\u201d, come in realt\u00e0 \u00e8 sempre stato il suo spirito.<\/p>\n<p style=\"text-align: left;\">Appassionato di mare, da buon livornese, stimolato dal padre, Riccardo diventa aiuto istruttore subacqueo con bombole, presso l\u2019Associazione Subacquea Orsa Minore di Perugia ; ma la sua passione pi\u00f9 grande \u00e8 andare sott\u2019acqua in \u201c apnea \u201c, quindi, per prolungare i suoi tempi di immersione in tale disciplina, si allena costantemente presso la piscina di Lacugnano, compatibilmente con gli impegni universitari.<br \/>\nIl sogno di Riccardo infatti \u00e8 poter nuotare, privo di bombole, con i suoi amici delfini, a lui affini per intelligenza, gioia di vivere e la voglia di giocare.<\/p>\n<p style=\"text-align: left;\">Quel sogno per\u00f2, si infrange proprio mentre si sta allenando perch\u00e9, in conseguenza di una sincope da \u201capnea bagnata\u201d (cos\u00ec definita in gergo medico) , muore ad appena 23 anni.<br \/>\nE\u2019 marted\u00ec 7 maggio 1996.<\/p>\n<p style=\"text-align: left;\">Da quel momento, \u00e8 il suo spirito, pi\u00f9 vivo e sorridente che mai, in quella libert\u00e0 che lo ha sempre contraddistinto, che nuota, circondato da delfini gioiosi, nel mare pi\u00f9 azzurro che esiste da dove, sicuramente, porge il suo saluto a tutti gli amici e conoscenti, che mai, potrebbero dimenticarlo.<\/p>\n<p>&nbsp;<\/p>\n","protected":false},"excerpt":{"rendered":"<p>Riccardo Domenici nasce a Livorno il 28 agosto del 1972, dove abita fino all\u2019et\u00e0 di due anni circa. Dopo un soggiorno di quasi cinque anni nella citt\u00e0 di Roma, si trasferisce con la famiglia a Perugia, sua citt\u00e0 di \u201cadozione\u201d,dove inizia la scuola elementare che frequenter\u00e0 con profitto fino ad inscriversi all\u2019Universit\u00e0 di Perugia, indirizzo [&hellip;]<\/p>\n","protected":false},"author":2,"featured_media":248,"parent":0,"menu_order":0,"comment_status":"closed","ping_status":"closed","template":"","meta":{"ngg_post_thumbnail":0,"footnotes":""},"class_list":["post-246","page","type-page","status-publish","has-post-thumbnail","czr-hentry"],"_links":{"self":[{"href":"https:\/\/amicidiriccardo.it\/index.php?rest_route=\/wp\/v2\/pages\/246","targetHints":{"allow":["GET"]}}],"collection":[{"href":"https:\/\/amicidiriccardo.it\/index.php?rest_route=\/wp\/v2\/pages"}],"about":[{"href":"https:\/\/amicidiriccardo.it\/index.php?rest_route=\/wp\/v2\/types\/page"}],"author":[{"embeddable":true,"href":"https:\/\/amicidiriccardo.it\/index.php?rest_route=\/wp\/v2\/users\/2"}],"replies":[{"embeddable":true,"href":"https:\/\/amicidiriccardo.it\/index.php?rest_route=%2Fwp%2Fv2%2Fcomments&post=246"}],"version-history":[{"count":1,"href":"https:\/\/amicidiriccardo.it\/index.php?rest_route=\/wp\/v2\/pages\/246\/revisions"}],"predecessor-version":[{"id":249,"href":"https:\/\/amicidiriccardo.it\/index.php?rest_route=\/wp\/v2\/pages\/246\/revisions\/249"}],"wp:featuredmedia":[{"embeddable":true,"href":"https:\/\/amicidiriccardo.it\/index.php?rest_route=\/wp\/v2\/media\/248"}],"wp:attachment":[{"href":"https:\/\/amicidiriccardo.it\/index.php?rest_route=%2Fwp%2Fv2%2Fmedia&parent=246"}],"curies":[{"name":"wp","href":"https:\/\/api.w.org\/{rel}","templated":true}]}}